{"id":193,"date":"2024-06-07T22:13:24","date_gmt":"2024-06-07T20:13:24","guid":{"rendered":"https:\/\/math.univ-lyon1.fr\/perso\/?page_id=193"},"modified":"2025-12-30T16:04:04","modified_gmt":"2025-12-30T15:04:04","slug":"miscellaneous","status":"publish","type":"page","link":"https:\/\/math.univ-lyon1.fr\/perso\/sylvie-benzoni-gavage\/publications\/miscellaneous\/","title":{"rendered":"Miscellaneous"},"content":{"rendered":"\n<h3 class=\"wp-block-heading\">Divers \/ miscellaneous<\/h3>\n\n\n\n<div class=\"wp-block-buttons is-layout-flex wp-block-buttons-is-layout-flex\">\n<div class=\"wp-block-button\"><a class=\"wp-block-button__link wp-element-button\" href=\"https:\/\/math.univ-lyon1.fr\/perso\/sylvie-benzoni-gavage\/\">Sylvie Benzoni-Gavage<\/a><\/div>\n<\/div>\n\n\n\n<p><em><a href=\"https:\/\/math.univ-lyon1.fr\/perso\/sylvie-benzoni-gavage\/chroniques\/\">Chroniques Maths<a href=\"http:\/\/math.univ-lyon1.fr\/homes-www\/benzoni\/chroniques-maths-et.html\"><\/a> et&#8230;<\/a><\/em>, versions \u00e9tendues de mes chroniques dans <a href=\"https:\/\/www.larecherche.fr\/abonnement%20papier\/abonnement-dun-%C3%A0-sciences-et-avenir-la-recherche-version-papier\">Sciences et Avenir &#8211; La recherche<\/a>.<\/p>\n\n\n\n<p><br>Fran\u00e7oise P\u00e9caut-Tison, 1927\u20132023. <a href=\"https:\/\/www.archicubes.ens.fr\/la-revue\/autres-publications\/les-notices\">L\u2019Archicube<\/a> n\u00b0 37 bis, num\u00e9ro sp\u00e9cial, mars 2025.<\/p>\n\n\n\n<p><a href=\"https:\/\/hal.science\/hal-04798066v1\">The Maison Poincar\u00e9, a maths museum in a research centre<\/a>. <em>La Matematica nella Societa e nella Cultura-Rivista dell&rsquo;Unione Matematica Italiana<\/em>, <a href=\"https:\/\/umi.dm.unibo.it\/pubblicazioni\/periodici\/rivista-dellu-m-i\/matematica-cultura-societa\/volume-9-2024\/\">9 (n\u00b0 2-3, Fascicolo doppio dedicato ai musei matematici)<\/a>, pp.105-117, 2024.<\/p>\n\n\n\n<p><a href=\"https:\/\/hal.science\/hal-04798060v1\" target=\"_blank\" rel=\"noreferrer noopener\">The Maison Poincar\u00e9 \u2013 a maths museum in France<\/a>. <em>European Mathematical Society Magazine<\/em>, 2024.<\/p>\n\n\n\n<p><a href=\"https:\/\/hal.science\/hal-04797831v1\" target=\"_blank\" rel=\"noreferrer noopener\">Le dessous des cartes du rulpidon<\/a>. <em>Pour la Science<\/em>, 2024. coauteur \/ co-author : <a href=\"https:\/\/hal.science\/search\/index\/?q=*&amp;authFullName_s=R\u00e9mi Coulon\" target=\"_blank\" rel=\"noreferrer noopener\">R\u00e9mi Coulon<\/a><\/p>\n\n\n\n<p>A\u0300 propos des \u00ab role models \u00bb, <a href=\"https:\/\/smf.emath.fr\/publications\/la-gazette-de-la-societe-mathematique-de-france-175-janvier-2023\">Gazette de la Soci\u00e9t\u00e9 Math\u00e9matique de France 175<\/a> 01\/2023.<\/p>\n\n\n\n<p>Bridging the Gap between Math and Society, in <a href=\"https:\/\/doi.org\/10.1142\/12747\">Handbook of Mathematical Science Communication<\/a>. Edited by Anna Maria Hartkopf and Erin Henning, 2023. coautrice \/ co-author&nbsp;: <a href=\"https:\/\/www.linkedin.com\/in\/marion-liewig\/\">Marion Liewig<\/a><\/p>\n\n\n\n<p><em><a href=\"http:\/\/www.cfem.asso.fr\/bulletinjanvier2022.pdf#section.8\">L\u2019Institut Henri Poincar\u00e9<\/a><\/em>, <a href=\"http:\/\/www.cfem.asso.fr\/bulletinjanvier2022.pdf\">Bulletin de la CFEM<\/a>, 01\/2022.<br>coautrice \/ co-author : <a href=\"https:\/\/perso.math.u-pem.fr\/fermanian.clotilde\/\">Clotilde Fermanian Kammerer<\/a>.<\/p>\n\n\n\n<p><em><a href=\"http:\/\/math.univ-lyon1.fr\/homes-www\/benzoni\/Equations-partitions-versionIHP.pdf\">La Musique des surfaces<\/a><\/em>, article de vulgarisation \u00e9crit \u00e0 l&rsquo;occasion de la <a href=\"https:\/\/mingei-arts-gallery.com\/fr\/expositions\">Carte blanche \u00e0 Toshimasa Kikuchi<\/a> au <a href=\"https:\/\/www.guimet.fr\/\">Mus\u00e9e national des arts asiatiques \u2013 Guimet<\/a>, du 7 juillet au 4 octobre 2021, mis en forme et en couleurs par Henri Duvillard et \u00c9milie Faure \u00e0 l&rsquo;<a href=\"http:\/\/www.ihp.fr\">Institut Henri Poincar\u00e9<\/a>. English version can be found in the <a href=\"https:\/\/mingei.gallery\/media\/pages\/exhibitions\/toshimasa-kikuchi-mnaag\/1cf63e49aa-1626519402\/obj_math_pages_web.pdf\">exhibition catalogue<\/a> published by the <a href=\"https:\/\/mingei-arts-gallery.com\/\">Galerie Mingei<\/a>.<\/p>\n\n\n\n<p><em><a href=\"https:\/\/images.math.cnrs.fr\/le-rulpidon\/\">Le Rulpidon<\/a><\/em>, <a href=\"https:\/\/images.math.cnrs.fr\/\">Images des math\u00e9matiques<\/a> 2021.<\/p>\n\n\n\n<p><em><a href=\"https:\/\/smf.emath.fr\/system\/files\/filepdf\/G169-BD.pdf#section*.266\">Quand deux revues de l\u2019Institut Henri Poincar\u00e9 prennent la direction de l\u2019Open Access<\/a><\/em>, <a href=\"https:\/\/smf.emath.fr\/publications\/la-gazette-des-mathematiciens-169-juillet-2021\">Gazette de la SMF 169<\/a>, 07\/2021.<br>coauteur et coautrice \/ co-authors : <a href=\"http:\/\/www.cmap.polytechnique.fr\/~allaire\/\">Gr\u00e9goire Allaire<\/a>, <a href=\"https:\/\/www.ceremade.dauphine.fr\/~esteban\/\">Maria Esteban<\/a>.<\/p>\n\n\n\n<p><em><a href=\"https:\/\/theconversation.com\/comment-les-scientifiques-sorganisent-pour-saffranchir-des-aspects-commerciaux-des-revues-158486\">Comment les scientifiques s\u2019organisent pour s\u2019affranchir des aspects commerciaux des revues<\/a><\/em>, The Conversation, 03\/2021.<\/p>\n\n\n\n<p><em><a href=\"http:\/\/math.univ-lyon1.fr\/homes-www\/benzoni\/waves-modulations.pdf\">Waves and their modulations<\/a><\/em> (<a href=\"http:\/\/hal.archives-ouvertes.fr\/hal-02881881\">hal-02881881<\/a>, 06\/2020), article de vulgarisation.<\/p>\n\n\n\n<p><em>The amplitude equation for weakly nonlinear reversible phase boundaries<\/em> (<a href=\"http:\/\/hal.archives-ouvertes.fr\/hal-01208192\">hal-01208192<\/a>, 10\/2015), rapport technique.<br>coauteur \/ co-author : <a href=\"https:\/\/www.math.univ-toulouse.fr\/~jcoulomb\/\">Jean-Fran\u00e7ois Coulombel<\/a>.<\/p>\n\n\n\n<p><em><a href=\"http:\/\/math.univ-lyon1.fr\/homes-www\/benzoni\/expose-Noether.pdf\">Sym\u00e9tries et lois de conservation ou le premier th\u00e9or\u00e8me de Noether<\/a><\/em> (expos\u00e9 aux <a href=\"http:\/\/math.univ-lyon1.fr\/~thuillier\/Noether.html\">Journ\u00e9es Noether<\/a> \u00e0 l&rsquo;<a href=\"http:\/\/math.univ-lyon1.fr\">ICJ<\/a>, 12 mars 2010).<\/p>\n\n\n\n<p><em><a href=\"http:\/\/math.univ-lyon1.fr\/homes-www\/benzoni\/Levico.pdf\">Propagating phase boundaries and capillary fluids<\/a><\/em> (lecture notes of CIRM summer school <a href=\"http:\/\/www.science.unitn.it\/cirm\/FluidDynamics2010.html\">Mathematical Fluid Dynamics<\/a>, Levico Terme, June 27th-July 2nd, 2010).<\/p>\n\n\n\n<p><em><a href=\"http:\/\/math.univ-lyon1.fr\/homes-www\/benzoni\/Semin-LDS.pdf\">Fully discrete traveling waves from semi-discrete traveling waves<\/a> <\/em>(expos\u00e9 au <a href=\"http:\/\/www.umpa.ens-lyon.fr\/~semin\/semin.html\">S\u00e9m&rsquo;In<\/a> de l&rsquo;<a href=\"http:\/\/www.umpa.ens-lyon.fr\">UMPA<\/a>, 17 f\u00e9vrier 2003).<\/p>\n\n\n\n<p><em><a href=\"http:\/\/math.univ-lyon1.fr\/homes-www\/benzoni\/hdr.ps\">Contributions \u00e0 l&rsquo;\u00e9tude des solutions r\u00e9guli\u00e8res par morceaux des syst\u00e8mes hyperboliques de lois de conservation<\/a>,<\/em><br>Habilitation , Lyon I (1998).<\/p>\n\n\n\n<p><em><a href=\"http:\/\/math.univ-lyon1.fr\/homes-www\/benzoni\/BenzoniJME3.pdf\">M\u00e9thodes directes en calcul des variations, quasiconvexit\u00e9<\/a>,<\/em><br><a href=\"http:\/\/www.umpa.ens-lyon.fr\/JME\/JME.html\">Journal de Maths des \u00c9l\u00e8ves de l&rsquo;ENS Lyon<\/a>, <strong>1<\/strong> No. 3 (1995).<\/p>\n\n\n\n<p><em>Analyse num\u00e9rique des mod\u00e8les hydrodynamiques d&rsquo;\u00e9coulements diphasiques instationnaires dans les r\u00e9seaux de production p\u00e9troli\u00e8re,<\/em><br>Th\u00e8se, Lyon I (1991).<\/p>\n\n\n\n<p><\/p>\n\n\n\n<p><\/p>\n","protected":false},"excerpt":{"rendered":"<p>Divers \/ miscellaneous Chroniques Maths et&#8230;, versions \u00e9tendues de mes chroniques dans Sciences et Avenir &#8211; La recherche. Fran\u00e7oise P\u00e9caut-Tison, 1927\u20132023. L\u2019Archicube n\u00b0 37 bis, num\u00e9ro sp\u00e9cial, mars 2025. The Maison Poincar\u00e9, a maths museum in a research centre. La Matematica nella Societa e nella Cultura-Rivista dell&rsquo;Unione Matematica Italiana, 9 (n\u00b0 2-3, Fascicolo doppio dedicato [&hellip;]<\/p>\n","protected":false},"author":3,"featured_media":0,"parent":168,"menu_order":0,"comment_status":"closed","ping_status":"closed","template":"","meta":{"footnotes":""},"class_list":["post-193","page","type-page","status-publish","hentry"],"_links":{"self":[{"href":"https:\/\/math.univ-lyon1.fr\/perso\/wp-json\/wp\/v2\/pages\/193","targetHints":{"allow":["GET"]}}],"collection":[{"href":"https:\/\/math.univ-lyon1.fr\/perso\/wp-json\/wp\/v2\/pages"}],"about":[{"href":"https:\/\/math.univ-lyon1.fr\/perso\/wp-json\/wp\/v2\/types\/page"}],"author":[{"embeddable":true,"href":"https:\/\/math.univ-lyon1.fr\/perso\/wp-json\/wp\/v2\/users\/3"}],"replies":[{"embeddable":true,"href":"https:\/\/math.univ-lyon1.fr\/perso\/wp-json\/wp\/v2\/comments?post=193"}],"version-history":[{"count":41,"href":"https:\/\/math.univ-lyon1.fr\/perso\/wp-json\/wp\/v2\/pages\/193\/revisions"}],"predecessor-version":[{"id":908,"href":"https:\/\/math.univ-lyon1.fr\/perso\/wp-json\/wp\/v2\/pages\/193\/revisions\/908"}],"up":[{"embeddable":true,"href":"https:\/\/math.univ-lyon1.fr\/perso\/wp-json\/wp\/v2\/pages\/168"}],"wp:attachment":[{"href":"https:\/\/math.univ-lyon1.fr\/perso\/wp-json\/wp\/v2\/media?parent=193"}],"curies":[{"name":"wp","href":"https:\/\/api.w.org\/{rel}","templated":true}]}}