{"id":195,"date":"2024-06-07T22:16:03","date_gmt":"2024-06-07T20:16:03","guid":{"rendered":"https:\/\/math.univ-lyon1.fr\/perso\/?page_id=195"},"modified":"2025-04-08T17:42:44","modified_gmt":"2025-04-08T15:42:44","slug":"books","status":"publish","type":"page","link":"https:\/\/math.univ-lyon1.fr\/perso\/sylvie-benzoni-gavage\/publications\/books\/","title":{"rendered":"Books"},"content":{"rendered":"\n<h3 class=\"wp-block-heading\">Livres \/ Books<\/h3>\n\n\n\n<div class=\"wp-block-buttons is-layout-flex wp-block-buttons-is-layout-flex\">\n<div class=\"wp-block-button\"><a class=\"wp-block-button__link wp-element-button\" href=\"https:\/\/math.univ-lyon1.fr\/perso\/sylvie-benzoni-gavage\/\">Sylvie Benzoni-Gavage<\/a><\/div>\n<\/div>\n\n\n\n<div class=\"wp-block-media-text is-stacked-on-mobile\" style=\"grid-template-columns:23% auto\"><figure class=\"wp-block-media-text__media\"><img loading=\"lazy\" decoding=\"async\" width=\"331\" height=\"508\" src=\"https:\/\/math.univ-lyon1.fr\/perso\/wp-content\/uploads\/2024\/06\/LeRulpidon-couv-Dunod.jpeg\" alt=\"\" class=\"wp-image-148 size-full\" srcset=\"https:\/\/math.univ-lyon1.fr\/perso\/wp-content\/uploads\/2024\/06\/LeRulpidon-couv-Dunod.jpeg 331w, https:\/\/math.univ-lyon1.fr\/perso\/wp-content\/uploads\/2024\/06\/LeRulpidon-couv-Dunod-195x300.jpeg 195w\" sizes=\"auto, (max-width: 331px) 100vw, 331px\" \/><\/figure><div class=\"wp-block-media-text__content\">\n<p><a href=\"https:\/\/www.dunod.com\/sciences-techniques\/rulpidon-sous-toutes-ses-coutures-une-aventure-mathematique-et-artistique\">Le Rulpidon sous toutes ses coutures &#8211; Une aventure math\u00e9matique et artistique. Dunod<\/a>, (2024)<\/p>\n\n\n\n<p>Livre de vulgarisation \/ popularisation \/ diffusion des math\u00e9matiques<\/p>\n\n\n\n<p>Je raconte dans ce livre mon cheminement personnel \u00e0 partir d\u2019un probl\u00e8me d\u2019apparence simple concernant le <a href=\"https:\/\/math.univ-lyon1.fr\/perso\/sylvie-benzoni-gavage\/rulpidon\/\" data-type=\"page\" data-id=\"249\">Rulpidon<\/a>. Il donne une id\u00e9e de la recherche en math\u00e9matique sur un sujet accessible \u00e0 un large public. Il est abondamment illustr\u00e9 de dessins de ma main.<\/p>\n<\/div><\/div>\n\n\n\n<div class=\"wp-block-media-text is-stacked-on-mobile\" style=\"grid-template-columns:23% auto\"><figure class=\"wp-block-media-text__media\"><img loading=\"lazy\" decoding=\"async\" width=\"299\" height=\"423\" src=\"https:\/\/math.univ-lyon1.fr\/perso\/wp-content\/uploads\/2024\/06\/livre2.jpg\" alt=\"\" class=\"wp-image-198 size-full\" srcset=\"https:\/\/math.univ-lyon1.fr\/perso\/wp-content\/uploads\/2024\/06\/livre2.jpg 299w, https:\/\/math.univ-lyon1.fr\/perso\/wp-content\/uploads\/2024\/06\/livre2-212x300.jpg 212w\" sizes=\"auto, (max-width: 299px) 100vw, 299px\" \/><\/figure><div class=\"wp-block-media-text__content\">\n<p><a href=\"http:\/\/www.dunod.com\/sciences-techniques\/sciences-fondamentales\/mathematiques\/master-et-doctorat-capes-agreg\/calcul-differentiel-et-equations\">Calcul diff\u00e9rentiel et \u00e9quations diff\u00e9rentielles &#8211; 2e \u00e9d.<\/a><br><a href=\"http:\/\/www.dunod.com\">Dunod<\/a>, 368 pages (2014).<\/p>\n\n\n\n<p>Livre d&rsquo;enseignement pour la licence 3\u00e8me ann\u00e9e et le master 1 de math\u00e9matiques<\/p>\n\n\n\n<p>2\u00e8me \u00e9dition. <\/p>\n\n\n\n<p>Version num\u00e9rique disponible dans la <a href=\"https:\/\/agreg.org\/index.php?id=bibliotheque-numerique-pour-la-modelisation\">biblioth\u00e8que de l&rsquo;agr\u00e9gation de math\u00e9matiques<\/a><\/p>\n<\/div><\/div>\n\n\n\n<div class=\"wp-block-media-text is-stacked-on-mobile\" style=\"grid-template-columns:24% auto\"><figure class=\"wp-block-media-text__media\"><img loading=\"lazy\" decoding=\"async\" width=\"727\" height=\"1024\" src=\"https:\/\/math.univ-lyon1.fr\/perso\/wp-content\/uploads\/2024\/06\/livre-727x1024.jpg\" alt=\"\" class=\"wp-image-197 size-full\" srcset=\"https:\/\/math.univ-lyon1.fr\/perso\/wp-content\/uploads\/2024\/06\/livre-727x1024.jpg 727w, https:\/\/math.univ-lyon1.fr\/perso\/wp-content\/uploads\/2024\/06\/livre-213x300.jpg 213w, https:\/\/math.univ-lyon1.fr\/perso\/wp-content\/uploads\/2024\/06\/livre-768x1081.jpg 768w, https:\/\/math.univ-lyon1.fr\/perso\/wp-content\/uploads\/2024\/06\/livre.jpg 1051w\" sizes=\"auto, (max-width: 727px) 100vw, 727px\" \/><\/figure><div class=\"wp-block-media-text__content\">\n<p>Calcul diff\u00e9rentiel et \u00e9quations diff\u00e9rentielles.<br><a href=\"http:\/\/www.dunod.com\">Dunod<\/a>, 320 pages (2010).<\/p>\n\n\n\n<p>Livre d&rsquo;enseignement pour la licence 3\u00e8me ann\u00e9e et le master 1 de math\u00e9matiques<\/p>\n\n\n\n<p>Disponible dans la <a href=\"https:\/\/agreg.org\/index.php?id=informations-pratiques\">biblioth\u00e8que de l&rsquo;agr\u00e9gation de math\u00e9matiques<\/a><\/p>\n<\/div><\/div>\n\n\n\n<div class=\"wp-block-media-text is-stacked-on-mobile\" style=\"grid-template-columns:24% auto\"><figure class=\"wp-block-media-text__media\"><img loading=\"lazy\" decoding=\"async\" width=\"180\" height=\"270\" src=\"https:\/\/math.univ-lyon1.fr\/perso\/wp-content\/uploads\/2024\/06\/book.jpg\" alt=\"\" class=\"wp-image-196 size-full\" \/><\/figure><div class=\"wp-block-media-text__content\">\n<p><a href=\"https:\/\/global.oup.com\/academic\/product\/multi-dimensional-hyperbolic-partial-differential-equations-9780199211234?cc=fr&amp;lang=en&amp;\">Multi-dimensional hyperbolic partial differential equations: First-order systems and applications<\/a><br>coauteur \/ co-author : <a href=\"http:\/\/www.umpa.ens-lyon.fr\/~serre\">Denis Serre<\/a><br><a href=\"http:\/\/www.oup.com\">Oxford University Press<\/a>, 508 + xxv pages (2007).<\/p>\n\n\n\n<p>Livre de niveau master 2 \/ doctorat \/ recherche<\/p>\n<\/div><\/div>\n\n\n\n<p><\/p>\n","protected":false},"excerpt":{"rendered":"<p>Livres \/ Books Le Rulpidon sous toutes ses coutures &#8211; Une aventure math\u00e9matique et artistique. Dunod, (2024) Livre de vulgarisation \/ popularisation \/ diffusion des math\u00e9matiques Je raconte dans ce livre mon cheminement personnel \u00e0 partir d\u2019un probl\u00e8me d\u2019apparence simple concernant le Rulpidon. Il donne une id\u00e9e de la recherche en math\u00e9matique sur un sujet [&hellip;]<\/p>\n","protected":false},"author":3,"featured_media":0,"parent":168,"menu_order":0,"comment_status":"closed","ping_status":"closed","template":"","meta":{"footnotes":""},"class_list":["post-195","page","type-page","status-publish","hentry"],"_links":{"self":[{"href":"https:\/\/math.univ-lyon1.fr\/perso\/wp-json\/wp\/v2\/pages\/195","targetHints":{"allow":["GET"]}}],"collection":[{"href":"https:\/\/math.univ-lyon1.fr\/perso\/wp-json\/wp\/v2\/pages"}],"about":[{"href":"https:\/\/math.univ-lyon1.fr\/perso\/wp-json\/wp\/v2\/types\/page"}],"author":[{"embeddable":true,"href":"https:\/\/math.univ-lyon1.fr\/perso\/wp-json\/wp\/v2\/users\/3"}],"replies":[{"embeddable":true,"href":"https:\/\/math.univ-lyon1.fr\/perso\/wp-json\/wp\/v2\/comments?post=195"}],"version-history":[{"count":20,"href":"https:\/\/math.univ-lyon1.fr\/perso\/wp-json\/wp\/v2\/pages\/195\/revisions"}],"predecessor-version":[{"id":556,"href":"https:\/\/math.univ-lyon1.fr\/perso\/wp-json\/wp\/v2\/pages\/195\/revisions\/556"}],"up":[{"embeddable":true,"href":"https:\/\/math.univ-lyon1.fr\/perso\/wp-json\/wp\/v2\/pages\/168"}],"wp:attachment":[{"href":"https:\/\/math.univ-lyon1.fr\/perso\/wp-json\/wp\/v2\/media?parent=195"}],"curies":[{"name":"wp","href":"https:\/\/api.w.org\/{rel}","templated":true}]}}