{"id":203,"date":"2024-06-08T09:14:12","date_gmt":"2024-06-08T07:14:12","guid":{"rendered":"https:\/\/math.univ-lyon1.fr\/perso\/?page_id=203"},"modified":"2025-07-28T18:42:22","modified_gmt":"2025-07-28T16:42:22","slug":"cv","status":"publish","type":"page","link":"https:\/\/math.univ-lyon1.fr\/perso\/sylvie-benzoni-gavage\/cv\/","title":{"rendered":"CV"},"content":{"rendered":"\n<h2 class=\"wp-block-heading\">Court CV <a href=\"https:\/\/math.univ-lyon1.fr\/perso\/sylvie-benzoni-gavage\/\" data-type=\"page\" data-id=\"9\">Sylvie Benzoni-Gavage<\/a><\/h2>\n\n\n\n<p>CV complet disponible sur demande.<\/p>\n\n\n\n<p>An <strong>English version<\/strong> can be downloaded at the bottom of this page.<\/p>\n\n\n\n<pre class=\"wp-block-preformatted\"><strong>Nom d'usage<\/strong>\t\tBenzoni-Gavage<br><strong>Nom de famille<\/strong>\t\tGavage<br><strong>Pr\u00e9nom<\/strong>\t\t\tSylvie<br><br><br><br><strong>Employeur actuel<\/strong>     <a href=\"http:\/\/www.univ-lyon1.fr\/\">Universit\u00e9 Claude Bernard Lyon 1<\/a><br><strong>Poste<\/strong>                Professeure des universit\u00e9s<br><strong>Affectation<\/strong>          <a href=\"http:\/\/math.univ-lyon1.fr\/\">Institut Camille Jordan<\/a> (UMR5208)<br><strong>Responsabilit\u00e9s<\/strong><br><strong>2018-2024<\/strong>    Directrice de l'<a href=\"http:\/\/ihp.fr\">Institut Henri Poincar\u00e9<\/a> (UAR839 CNRS Sorbonne Universit\u00e9), responsable scientifique et technique du laboratoire d'excellence Carmin, pr\u00e9sidente de l\u2019association Publications de l\u2019Institut Henri Poincar\u00e9 (2018-2024)<br><strong>2016-2017<\/strong>    Directrice de l\u2019<a href=\"http:\/\/math.univ-lyon1.fr\/\">Institut Camille Jordan<\/a> (UMR5208 CNRS, Centrale Lyon, Insa Lyon, Universit\u00e9 Claude Bernard Lyon 1, Universit\u00e9 Jean Monnet Saint-\u00c9tienne)<br><br><strong>Distinction<\/strong><br><strong>2022<\/strong>    <a href=\"https:\/\/www.newton.ac.uk\/events\/fellowships\/kirk-distinguished-visiting-fellows\/\">Kirk distinguished visiting fellow<\/a> \u00e0 l'<a href=\"https:\/\/www.newton.ac.uk\/\">Isaac Newton Institute<\/a>.<br><br><strong>Postes ant\u00e9rieurs<\/strong><br><br><strong>1992-2003<\/strong>    Charg\u00e9e de recherche CNRS.<br><strong>1990-1992<\/strong>    Agr\u00e9g\u00e9e pr\u00e9paratrice ENS LYON.<br><br><strong>Formation<\/strong> ENS Saint-Cloud (promotion 86)<br><br><strong>Dipl\u00f4mes et titres<\/strong>\t<br>DEA <em>Analyse num\u00e9rique, mod\u00e8les math\u00e9matiques et calcul scientifique,<\/em> <br>Universit\u00e9 Lyon 1 (1989)<br><br>Agr\u00e9gation de math\u00e9matiques, option m\u00e9canique (1989)<br><br>Th\u00e8se de Doctorat, sp\u00e9cialit\u00e9 math\u00e9matiques appliqu\u00e9es, dirig\u00e9e par <a href=\"http:\/\/www.umpa.ens-lyon.fr\/~serre\">Denis Serre<\/a>, ENS Lyon \/ Universit\u00e9 Claude Bernard Lyon 1 (1991)<br><br>Habilitation \u00e0 diriger des recherches,  Universit\u00e9 Claude Bernard Lyon 1 (1998)<br><br><strong>Anciens \u00e9l\u00e8ves<\/strong>\t<br><br><a href=\"https:\/\/www.math.univ-toulouse.fr\/~jcoulomb\/\">Jean-Fran\u00e7ois Coulombel<\/a>, th\u00e8se en 2002, directeur de recherche CNRS, Toulouse, France.<br><br><a href=\"http:\/\/math.univ-lyon1.fr\/~mercier\/\">Magali Mercier<\/a>, th\u00e8se en 2009, professeure agr\u00e9g\u00e9e en CPGE.<br><br><a href=\"https:\/\/www.ljll.math.upmc.fr\/audiard\/\">Corentin Audiard<\/a>, th\u00e8se en 2010, ma\u00eetre de conf\u00e9rences \u00e0 Sorbonne Universit\u00e9.<br><br><a href=\"http:\/\/math.univ-lyon1.fr\/~mietka\">Colin Mietka<\/a>, th\u00e8se en 2017, ing\u00e9nieur en entreprise.<br><br><\/pre>\n\n\n\n<div data-wp-interactive=\"core\/file\" class=\"wp-block-file\"><object data-wp-bind--hidden=\"!state.hasPdfPreview\" hidden class=\"wp-block-file__embed\" data=\"https:\/\/math.univ-lyon1.fr\/perso\/wp-content\/uploads\/2025\/07\/CV-2025-English.pdf\" type=\"application\/pdf\" style=\"width:100%;height:600px\" aria-label=\"Contenu embarqu\u00e9 CV-2025-English.\"><\/object><a id=\"wp-block-file--media-d1a51783-e51e-44c8-a7ec-81d6d28818c3\" href=\"https:\/\/math.univ-lyon1.fr\/perso\/wp-content\/uploads\/2025\/07\/CV-2025-English.pdf\">CV-2025-English<\/a><a href=\"https:\/\/math.univ-lyon1.fr\/perso\/wp-content\/uploads\/2025\/07\/CV-2025-English.pdf\" class=\"wp-block-file__button wp-element-button\" download aria-describedby=\"wp-block-file--media-d1a51783-e51e-44c8-a7ec-81d6d28818c3\">T\u00e9l\u00e9charger<\/a><\/div>\n","protected":false},"excerpt":{"rendered":"<p>Court CV Sylvie Benzoni-Gavage CV complet disponible sur demande. An English version can be downloaded at the bottom of this page. Nom d&rsquo;usage Benzoni-GavageNom de famille GavagePr\u00e9nom SylvieEmployeur actuel Universit\u00e9 Claude Bernard Lyon 1Poste Professeure des universit\u00e9sAffectation Institut Camille Jordan (UMR5208)Responsabilit\u00e9s2018-2024 Directrice de l&rsquo;Institut Henri Poincar\u00e9 (UAR839 CNRS Sorbonne Universit\u00e9), responsable scientifique et technique du [&hellip;]<\/p>\n","protected":false},"author":3,"featured_media":0,"parent":9,"menu_order":0,"comment_status":"closed","ping_status":"closed","template":"","meta":{"footnotes":""},"class_list":["post-203","page","type-page","status-publish","hentry"],"_links":{"self":[{"href":"https:\/\/math.univ-lyon1.fr\/perso\/wp-json\/wp\/v2\/pages\/203","targetHints":{"allow":["GET"]}}],"collection":[{"href":"https:\/\/math.univ-lyon1.fr\/perso\/wp-json\/wp\/v2\/pages"}],"about":[{"href":"https:\/\/math.univ-lyon1.fr\/perso\/wp-json\/wp\/v2\/types\/page"}],"author":[{"embeddable":true,"href":"https:\/\/math.univ-lyon1.fr\/perso\/wp-json\/wp\/v2\/users\/3"}],"replies":[{"embeddable":true,"href":"https:\/\/math.univ-lyon1.fr\/perso\/wp-json\/wp\/v2\/comments?post=203"}],"version-history":[{"count":18,"href":"https:\/\/math.univ-lyon1.fr\/perso\/wp-json\/wp\/v2\/pages\/203\/revisions"}],"predecessor-version":[{"id":794,"href":"https:\/\/math.univ-lyon1.fr\/perso\/wp-json\/wp\/v2\/pages\/203\/revisions\/794"}],"up":[{"embeddable":true,"href":"https:\/\/math.univ-lyon1.fr\/perso\/wp-json\/wp\/v2\/pages\/9"}],"wp:attachment":[{"href":"https:\/\/math.univ-lyon1.fr\/perso\/wp-json\/wp\/v2\/media?parent=203"}],"curies":[{"name":"wp","href":"https:\/\/api.w.org\/{rel}","templated":true}]}}