{"id":334,"date":"2024-06-08T15:46:59","date_gmt":"2024-06-08T13:46:59","guid":{"rendered":"https:\/\/math.univ-lyon1.fr\/perso\/?page_id=334"},"modified":"2024-09-13T11:32:47","modified_gmt":"2024-09-13T09:32:47","slug":"musique-des-surfaces","status":"publish","type":"page","link":"https:\/\/math.univ-lyon1.fr\/perso\/sylvie-benzoni-gavage\/musique-des-surfaces\/","title":{"rendered":"Musique des surfaces"},"content":{"rendered":"\n<h2 class=\"wp-block-heading\">La musique des surfaces<\/h2>\n\n\n\n<div class=\"wp-block-buttons is-layout-flex wp-block-buttons-is-layout-flex\">\n<div class=\"wp-block-button\"><a class=\"wp-block-button__link wp-element-button\" href=\"https:\/\/math.univ-lyon1.fr\/perso\/sylvie-benzoni-gavage\/\">Sylvie Benzoni-Gavage<\/a><\/div>\n<\/div>\n\n\n\n<p>Les <a href=\"https:\/\/patrimoine.ihp.fr\/\">mod\u00e8les math\u00e9matiques<\/a> conserv\u00e9s par l\u2019<a href=\"http:\/\/www.ihp.fr\">Institut Henri Poincar\u00e9<\/a> inspirent de nombreux artistes.<\/p>\n\n\n\n<p>Parmi eux, le sculpteur japonais <a href=\"https:\/\/mingei-arts-gallery.com\/fr\/artistes\/toshimasa-kikuchi\">Toshimasa Kikuchi<\/a> est sp\u00e9cialement inspir\u00e9 par la fascinante <a href=\"https:\/\/patrimoine.ihp.fr\/item\/15\">surface de Kuen<\/a>. \u00c0 l\u2019occasion de sa \u00ab&nbsp;carte blanche&nbsp;\u00bb au <a href=\"https:\/\/www.guimet.fr\/\">Mus\u00e9e national des arts asiatiques \u2013 Guimet<\/a> \u00e0 l\u2019\u00e9t\u00e9 2021, un beau livre fut r\u00e9alis\u00e9 en version bilingue fran\u00e7ais-anglais :<\/p>\n\n\n\n<p><\/p>\n\n\n\n<figure class=\"wp-block-image size-large\"><img loading=\"lazy\" decoding=\"async\" width=\"1024\" height=\"717\" src=\"https:\/\/math.univ-lyon1.fr\/perso\/wp-content\/uploads\/2024\/06\/Kikuchi-couv-1024x717.jpg\" alt=\"\" class=\"wp-image-336\" srcset=\"https:\/\/math.univ-lyon1.fr\/perso\/wp-content\/uploads\/2024\/06\/Kikuchi-couv-1024x717.jpg 1024w, https:\/\/math.univ-lyon1.fr\/perso\/wp-content\/uploads\/2024\/06\/Kikuchi-couv-300x210.jpg 300w, https:\/\/math.univ-lyon1.fr\/perso\/wp-content\/uploads\/2024\/06\/Kikuchi-couv-768x538.jpg 768w, https:\/\/math.univ-lyon1.fr\/perso\/wp-content\/uploads\/2024\/06\/Kikuchi-couv-1536x1075.jpg 1536w, https:\/\/math.univ-lyon1.fr\/perso\/wp-content\/uploads\/2024\/06\/Kikuchi-couv-2048x1434.jpg 2048w\" sizes=\"auto, (max-width: 1024px) 100vw, 1024px\" \/><figcaption class=\"wp-element-caption\">Couverture du livre \u00ab&nbsp;Toshimasa Kikuchi &#8211; Objets math\u00e9matiques&nbsp;\u00bb \u00a9 Galerie Mingei<\/figcaption><\/figure>\n\n\n\n<p>Vous y trouverez des pages 102 \u00e0 119 un petit essai intitul\u00e9 \u00ab&nbsp;La musique des surfaces&nbsp;\u00bb, filant la comparaison entre \u00e9quations et partitions. Pour une version fran\u00e7aise en couleurs, c\u2019est ici&nbsp;:<\/p>\n\n\n\n<figure class=\"wp-block-image size-large\"><a href=\"http:\/\/math.univ-lyon1.fr\/homes-www\/benzoni\/Equations-partitions-versionIHP.pdf\"><img loading=\"lazy\" decoding=\"async\" width=\"1024\" height=\"567\" src=\"https:\/\/math.univ-lyon1.fr\/perso\/wp-content\/uploads\/2024\/06\/Musique-surfaces-1024x567.jpg\" alt=\"\" class=\"wp-image-338\" srcset=\"https:\/\/math.univ-lyon1.fr\/perso\/wp-content\/uploads\/2024\/06\/Musique-surfaces-1024x567.jpg 1024w, https:\/\/math.univ-lyon1.fr\/perso\/wp-content\/uploads\/2024\/06\/Musique-surfaces-300x166.jpg 300w, https:\/\/math.univ-lyon1.fr\/perso\/wp-content\/uploads\/2024\/06\/Musique-surfaces-768x425.jpg 768w, https:\/\/math.univ-lyon1.fr\/perso\/wp-content\/uploads\/2024\/06\/Musique-surfaces.jpg 1200w\" sizes=\"auto, (max-width: 1024px) 100vw, 1024px\" \/><\/a><\/figure>\n\n\n\n<p>Lors de l\u2019\u00e9v\u00e9nement<\/p>\n\n\n\n<p><\/p>\n\n\n\n<figure class=\"wp-block-image size-large\"><img loading=\"lazy\" decoding=\"async\" width=\"1024\" height=\"300\" src=\"https:\/\/math.univ-lyon1.fr\/perso\/wp-content\/uploads\/2024\/06\/bandeau-MIZique-1024x300.png\" alt=\"\" class=\"wp-image-339\" srcset=\"https:\/\/math.univ-lyon1.fr\/perso\/wp-content\/uploads\/2024\/06\/bandeau-MIZique-1024x300.png 1024w, https:\/\/math.univ-lyon1.fr\/perso\/wp-content\/uploads\/2024\/06\/bandeau-MIZique-300x88.png 300w, https:\/\/math.univ-lyon1.fr\/perso\/wp-content\/uploads\/2024\/06\/bandeau-MIZique-768x225.png 768w, https:\/\/math.univ-lyon1.fr\/perso\/wp-content\/uploads\/2024\/06\/bandeau-MIZique.png 1160w\" sizes=\"auto, (max-width: 1024px) 100vw, 1024px\" \/><\/figure>\n\n\n\n<p>j\u2019ai eu la chance d\u2019\u00eatre accompagn\u00e9e par <a href=\"https:\/\/home.mis.u-picardie.fr\/~leve\/\">Florence Lev\u00e9<\/a> au piano &#8230; au pied lev\u00e9&nbsp;! \u00c0 d\u00e9faut d\u2019enregistrement de cet expos\u00e9 acrobatique, vous trouverez le diaporama <a href=\"http:\/\/math.univ-lyon1.fr\/homes-www\/benzoni\/MusiqueSurfaces.pdf\">ici<\/a>.<br><\/p>\n\n\n\n<p><strong>NB<\/strong> Un certain nombre de surfaces sont mises en musique dans la<\/p>\n\n\n\n<p><\/p>\n\n\n\n<figure class=\"wp-block-image size-full\"><img loading=\"lazy\" decoding=\"async\" width=\"399\" height=\"95\" src=\"https:\/\/math.univ-lyon1.fr\/perso\/wp-content\/uploads\/2024\/06\/logo-Maison-Poincare.png\" alt=\"\" class=\"wp-image-296\" srcset=\"https:\/\/math.univ-lyon1.fr\/perso\/wp-content\/uploads\/2024\/06\/logo-Maison-Poincare.png 399w, https:\/\/math.univ-lyon1.fr\/perso\/wp-content\/uploads\/2024\/06\/logo-Maison-Poincare-300x71.png 300w\" sizes=\"auto, (max-width: 399px) 100vw, 399px\" \/><\/figure>\n\n\n\n<p>mus\u00e9e des math\u00e9matiques concoct\u00e9 par l\u2019<a href=\"https:\/\/www.ihp.fr\/fr\">Institut Henri Poincar\u00e9<\/a>.<\/p>\n","protected":false},"excerpt":{"rendered":"<p>La musique des surfaces Les mod\u00e8les math\u00e9matiques conserv\u00e9s par l\u2019Institut Henri Poincar\u00e9 inspirent de nombreux artistes. Parmi eux, le sculpteur japonais Toshimasa Kikuchi est sp\u00e9cialement inspir\u00e9 par la fascinante surface de Kuen. \u00c0 l\u2019occasion de sa \u00ab&nbsp;carte blanche&nbsp;\u00bb au Mus\u00e9e national des arts asiatiques \u2013 Guimet \u00e0 l\u2019\u00e9t\u00e9 2021, un beau livre fut r\u00e9alis\u00e9 en [&hellip;]<\/p>\n","protected":false},"author":3,"featured_media":0,"parent":9,"menu_order":0,"comment_status":"closed","ping_status":"closed","template":"","meta":{"footnotes":""},"class_list":["post-334","page","type-page","status-publish","hentry"],"_links":{"self":[{"href":"https:\/\/math.univ-lyon1.fr\/perso\/wp-json\/wp\/v2\/pages\/334","targetHints":{"allow":["GET"]}}],"collection":[{"href":"https:\/\/math.univ-lyon1.fr\/perso\/wp-json\/wp\/v2\/pages"}],"about":[{"href":"https:\/\/math.univ-lyon1.fr\/perso\/wp-json\/wp\/v2\/types\/page"}],"author":[{"embeddable":true,"href":"https:\/\/math.univ-lyon1.fr\/perso\/wp-json\/wp\/v2\/users\/3"}],"replies":[{"embeddable":true,"href":"https:\/\/math.univ-lyon1.fr\/perso\/wp-json\/wp\/v2\/comments?post=334"}],"version-history":[{"count":8,"href":"https:\/\/math.univ-lyon1.fr\/perso\/wp-json\/wp\/v2\/pages\/334\/revisions"}],"predecessor-version":[{"id":460,"href":"https:\/\/math.univ-lyon1.fr\/perso\/wp-json\/wp\/v2\/pages\/334\/revisions\/460"}],"up":[{"embeddable":true,"href":"https:\/\/math.univ-lyon1.fr\/perso\/wp-json\/wp\/v2\/pages\/9"}],"wp:attachment":[{"href":"https:\/\/math.univ-lyon1.fr\/perso\/wp-json\/wp\/v2\/media?parent=334"}],"curies":[{"name":"wp","href":"https:\/\/api.w.org\/{rel}","templated":true}]}}