{"id":6,"date":"2024-04-26T09:22:11","date_gmt":"2024-04-26T07:22:11","guid":{"rendered":"https:\/\/math.univ-lyon1.fr\/perso\/?page_id=6"},"modified":"2024-07-22T15:27:16","modified_gmt":"2024-07-22T13:27:16","slug":"vincent-farget","status":"publish","type":"page","link":"https:\/\/math.univ-lyon1.fr\/perso\/vincent-farget\/","title":{"rendered":"Vincent FARGET"},"content":{"rendered":"\n<div class=\"wp-block-group alignfull has-global-padding is-layout-constrained wp-block-group-is-layout-constrained\" style=\"border-top-color:#69a6d4;border-top-width:2px;border-bottom-color:#69a6d4;border-bottom-width:2px;padding-top:var(--wp--preset--spacing--x-small)\">\n<div class=\"wp-block-group alignwide has-global-padding is-layout-constrained wp-block-group-is-layout-constrained\" style=\"padding-top:var(--wp--preset--spacing--xx-small)\">\n<div class=\"wp-block-group is-content-justification-center is-nowrap is-layout-flex wp-container-core-group-is-layout-23441af8 wp-block-group-is-layout-flex\">\n<div class=\"wp-block-columns are-vertically-aligned-center is-layout-flex wp-container-core-columns-is-layout-28f84493 wp-block-columns-is-layout-flex\">\n<div class=\"wp-block-column is-vertically-aligned-center is-layout-flow wp-block-column-is-layout-flow\" style=\"flex-basis:45%\">\n<figure class=\"wp-block-image aligncenter size-full is-style-rounded\"><img loading=\"lazy\" decoding=\"async\" width=\"300\" height=\"308\" src=\"https:\/\/math.univ-lyon1.fr\/perso\/wp-content\/uploads\/2024\/05\/Photo_Vincent-FARGET.jpg\" alt=\"\" class=\"wp-image-69\" srcset=\"https:\/\/math.univ-lyon1.fr\/perso\/wp-content\/uploads\/2024\/05\/Photo_Vincent-FARGET.jpg 300w, https:\/\/math.univ-lyon1.fr\/perso\/wp-content\/uploads\/2024\/05\/Photo_Vincent-FARGET-292x300.jpg 292w\" sizes=\"auto, (max-width: 300px) 100vw, 300px\" \/><\/figure>\n<\/div>\n\n\n\n<div class=\"wp-block-column is-vertically-aligned-center is-layout-flow wp-block-column-is-layout-flow\" style=\"border-left-color:#69a6d4;border-left-width:3px;padding-top:0;padding-right:var(--wp--preset--spacing--x-small);padding-bottom:0;padding-left:var(--wp--preset--spacing--x-small);flex-basis:55%\">\n<p class=\"has-x-large-font-size\"><strong>Vincent FARGET<\/strong><\/p>\n\n\n\n<p><strong><a href=\"https:\/\/math.univ-lyon1.fr\/icj\" target=\"_blank\" rel=\"noreferrer noopener nofollow\">Institut Camille Jordan<\/a><\/strong><br>CNRS UMR5208 &#8211; UCBL1 &#8211; UJM &#8211; INSA &#8211; ECL<br>Universit\u00e9 Claude Bernard Lyon 1<br>B\u00e2timent Jean Braconnier<br>21, avenue Claude Bernard<br>69100 VILLEURBANNE<br>FRANCE<\/p>\n\n\n\n<p><strong>Ing\u00e9nieur d\u00e9veloppeur web &amp; support informatique<\/strong><\/p>\n<\/div>\n<\/div>\n<\/div>\n<\/div>\n\n\n\n<div class=\"wp-block-group alignwide has-global-padding is-layout-constrained wp-block-group-is-layout-constrained\" style=\"padding-bottom:var(--wp--preset--spacing--x-small)\">\n<div class=\"wp-block-columns are-vertically-aligned-center is-layout-flex wp-container-core-columns-is-layout-28f84493 wp-block-columns-is-layout-flex\">\n<div class=\"wp-block-column is-vertically-aligned-center is-layout-flow wp-block-column-is-layout-flow\" style=\"border-top-color:#69a6d4;padding-top:var(--wp--preset--spacing--x-small);padding-bottom:0\">\n<figure class=\"wp-block-image size-full\"><img loading=\"lazy\" decoding=\"async\" width=\"747\" height=\"150\" src=\"https:\/\/math.univ-lyon1.fr\/perso\/wp-content\/uploads\/2024\/05\/Logo_ICJ_bandeau_150.png\" alt=\"\" class=\"wp-image-82\" srcset=\"https:\/\/math.univ-lyon1.fr\/perso\/wp-content\/uploads\/2024\/05\/Logo_ICJ_bandeau_150.png 747w, https:\/\/math.univ-lyon1.fr\/perso\/wp-content\/uploads\/2024\/05\/Logo_ICJ_bandeau_150-300x60.png 300w\" sizes=\"auto, (max-width: 747px) 100vw, 747px\" \/><\/figure>\n<\/div>\n<\/div>\n<\/div>\n<\/div>\n\n\n\n<div class=\"wp-block-group alignfull has-global-padding is-layout-constrained wp-block-group-is-layout-constrained\">\n<div class=\"wp-block-group alignfull is-vertical is-content-justification-center is-layout-flex wp-container-core-group-is-layout-b6c1f246 wp-block-group-is-layout-flex\">\n<div class=\"google-map\"><iframe frameborder=\"0\" style=\"border:0;width:50vw;height:50vh;\" src=\"https:\/\/www.google.com\/maps\/embed\/v1\/place?key=AIzaSyDbnCmnHmtigIYiD8jIfeHQv7gW2ANhHD4&amp;q=B\u00e2timent Doyen Jean Braconnier69100 Villeurbanne, France\" allowfullscreen=\"\"><\/iframe><\/div>\n<\/div>\n<\/div>\n","protected":false},"excerpt":{"rendered":"<p>Vincent FARGET Institut Camille JordanCNRS UMR5208 &#8211; UCBL1 &#8211; UJM &#8211; INSA &#8211; ECLUniversit\u00e9 Claude Bernard Lyon 1B\u00e2timent Jean Braconnier21, avenue Claude Bernard69100 VILLEURBANNEFRANCE Ing\u00e9nieur d\u00e9veloppeur web &amp; support informatique<\/p>\n","protected":false},"author":2,"featured_media":0,"parent":0,"menu_order":0,"comment_status":"closed","ping_status":"closed","template":"","meta":{"footnotes":""},"class_list":["post-6","page","type-page","status-publish","hentry"],"_links":{"self":[{"href":"https:\/\/math.univ-lyon1.fr\/perso\/wp-json\/wp\/v2\/pages\/6","targetHints":{"allow":["GET"]}}],"collection":[{"href":"https:\/\/math.univ-lyon1.fr\/perso\/wp-json\/wp\/v2\/pages"}],"about":[{"href":"https:\/\/math.univ-lyon1.fr\/perso\/wp-json\/wp\/v2\/types\/page"}],"author":[{"embeddable":true,"href":"https:\/\/math.univ-lyon1.fr\/perso\/wp-json\/wp\/v2\/users\/2"}],"replies":[{"embeddable":true,"href":"https:\/\/math.univ-lyon1.fr\/perso\/wp-json\/wp\/v2\/comments?post=6"}],"version-history":[{"count":67,"href":"https:\/\/math.univ-lyon1.fr\/perso\/wp-json\/wp\/v2\/pages\/6\/revisions"}],"predecessor-version":[{"id":446,"href":"https:\/\/math.univ-lyon1.fr\/perso\/wp-json\/wp\/v2\/pages\/6\/revisions\/446"}],"wp:attachment":[{"href":"https:\/\/math.univ-lyon1.fr\/perso\/wp-json\/wp\/v2\/media?parent=6"}],"curies":[{"name":"wp","href":"https:\/\/api.w.org\/{rel}","templated":true}]}}