{"id":723,"date":"2025-07-04T12:58:35","date_gmt":"2025-07-04T10:58:35","guid":{"rendered":"https:\/\/math.univ-lyon1.fr\/perso\/?page_id=723"},"modified":"2025-07-28T13:54:19","modified_gmt":"2025-07-28T11:54:19","slug":"crochet-topologique","status":"publish","type":"page","link":"https:\/\/math.univ-lyon1.fr\/perso\/sylvie-benzoni-gavage\/crochet-topologique\/","title":{"rendered":"Crochet topologique"},"content":{"rendered":"\n<h2 class=\"wp-block-heading\">Crochet topologique<\/h2>\n\n\n\n<div class=\"wp-block-buttons is-layout-flex wp-block-buttons-is-layout-flex\">\n<div class=\"wp-block-button\"><a class=\"wp-block-button__link wp-element-button\" href=\"https:\/\/math.univ-lyon1.fr\/perso\/sylvie-benzoni-gavage\/\">Sylvie Benzoni-Gavage<\/a><\/div>\n<\/div>\n\n\n\n<p>(Page en construction.)<\/p>\n\n\n\n<p>La technique du <a href=\"https:\/\/fr.wikipedia.org\/wiki\/Crochet_(aiguille)\">crochet<\/a> (diff\u00e9rente du <a href=\"https:\/\/fr.wikipedia.org\/wiki\/Tricot\">tricot<\/a>) ouvre de nombreux horizons, en particulier math\u00e9matiques.<\/p>\n\n\n\n<p>Le <strong>crochet topologique<\/strong> d\u00e9signe l&rsquo;art de fabriquer des surfaces d&rsquo;un genre donn\u00e9, orientables ou non, avec du fil et un crochet. L&rsquo;experte mondiale est la math\u00e9maticienne am\u00e9ricaine <a href=\"https:\/\/www.youtube.com\/@epimono\">Shiying Dong<\/a>, aupr\u00e8s de qui j&rsquo;ai appris la technique \u00e0 la <a href=\"https:\/\/archive.bridgesmathart.org\/2023\/bridges2023-559.html\">conf\u00e9rence Bridges 2023<\/a>. Son <a href=\"https:\/\/archive.bridgesmathart.org\/2025\/bridges2025-77.html\">article de 2025<\/a> en expose les d\u00e9tails. Un livre de <a href=\"https:\/\/en.wikipedia.org\/wiki\/Eve_Torrence\">Eve Torrence<\/a> et Shiying Dong est en pr\u00e9paration (\u00ab&nbsp;Unravelling Topological Crochet&nbsp;\u00bb, \u00e0 para\u00eetre en 2026 chez Chapman &amp; Hall\/CRC en 2026).<\/p>\n\n\n\n<p>Le \u00ab<strong>bead crochet<\/strong>\u00bb d\u00e9signe l&rsquo;art de fabriquer des objets tels que des n\u0153uds et des surfaces avec du fil, un crochet et des perles de rocaille. La r\u00e9f\u00e9rence est le livre de l&rsquo;artiste et informaticienne <a href=\"https:\/\/www.linkedin.com\/in\/ellie-baker-31a13648\/\">Ellie Baker<\/a> et de la math\u00e9maticienne am\u00e9ricaine <a href=\"https:\/\/en.wikipedia.org\/wiki\/Susan_Goldstine\">Susan Goldstine<\/a> intitul\u00e9 \u00ab&nbsp;<a href=\"https:\/\/www.routledge.com\/Crafting-Conundrums-Puzzles-and-Patterns-for-the-Bead-Crochet-Artist\/Baker-Goldstine\/p\/book\/9781466588486\">Crafting Conundrums :  Puzzles and Patterns for the Bead Crochet Artist<\/a>&nbsp;\u00bb. C&rsquo;est une autre forme de crochet topologique.<\/p>\n\n\n\n<p>Le <strong>crochet hyperbolique<\/strong> est une autre histoire, que l&rsquo;on doit \u00e0 la math\u00e9maticienne letto-am\u00e9ricaine <a href=\"https:\/\/fr.wikipedia.org\/wiki\/Daina_Taimi%C5%86a\">Daina Taimi\u0146a<\/a>. Il consiste \u00e0 fabriquer au crochet, en exploitant les possibilit\u00e9s infinies d&rsquo;augmentation de mailles, des mod\u00e8les de surfaces dont la g\u00e9om\u00e9trie est hyberbolique. La m\u00e9thode a \u00e9t\u00e9 popularis\u00e9e par l\u2019artiste et vulgarisatrice australienne <a href=\"https:\/\/fr.wikipedia.org\/wiki\/Margaret_Wertheim\">Margaret Wertheim<\/a> pour un projet militant sur les r\u00e9cifs coralliens, \u00ab <a href=\"https:\/\/crochetcoralreef.org\/\">Hyperbolic Crochet Coral Reef project<\/a> \u00bb.<\/p>\n\n\n\n<p>Apr\u00e8s avoir beaucoup travaill\u00e9 sur la fabrication de cordes, la n\u00e9erlandaise Anneke Meijer-Treep a d\u00e9velopp\u00e9 une m\u00e9thode proche du crochet hyperbolique pour fabriquer des \u00ab<strong>Rolling Toruses<\/strong>\u00bb, des tores que l&rsquo;on peut ind\u00e9finiment faire rouler entre ses doigts. Son guide est disponible dans les <a href=\"https:\/\/archive.bridgesmathart.org\/2025\/bridges2025_Supplement_39.pdf\">proceedings de la conf\u00e9rence Bridges 2025<\/a>. On pourra \u00e9galement consulter son <a href=\"https:\/\/archive.bridgesmathart.org\/2025\/bridges2025-231.pdf\">article<\/a>, et les <a href=\"https:\/\/gallery.bridgesmathart.org\/exhibitions\/bridges-2025-exhibition-of-mathematical-art\/anneke-meijer-treep\">r\u00e9alisations<\/a> qu&rsquo;elle a expos\u00e9es lors de cette m\u00eame conf\u00e9rence.<\/p>\n\n\n\n<p>En parlant de tores, l&rsquo;informaticienne canadienne Tiffany C. Inglis a d\u00e9velopp\u00e9 une m\u00e9thode pour crocheter un pavage hexagonal de tore. Le r\u00e9sultat est un \u00ab <strong>Soccer Ball Torus<\/strong> \u00bb, ou ballon de foot toro\u00efdal que l&rsquo;on a pu admirer dans l&rsquo;<a href=\"https:\/\/gallery.bridgesmathart.org\/exhibitions\/bridges-2025-exhibition-of-mathematical-art\/tiffany-c-inglis\">exposition de Bridges 2025<\/a>. Les explications sur sa fabrication sont \u00e0 lire dans son <a href=\"https:\/\/archive.bridgesmathart.org\/2025\/bridges2025-161.pdf\">article<\/a>.<\/p>\n\n\n\n<p>Vous trouvez cette page un peu trop f\u00e9minine? Sachez que quelques rares hommes s&rsquo;int\u00e9ressent aussi aux horizons math\u00e9matiques du crochet. Voir par exemple l&rsquo;article de R\u00e9mi Molinier sur <a href=\"https:\/\/images.math.cnrs.fr\/crochet-objets-mathematiques-et-surfaces-de-seifert\/\">Images des math\u00e9matiques<\/a>.<\/p>\n\n\n\n<p><\/p>\n","protected":false},"excerpt":{"rendered":"<p>Crochet topologique (Page en construction.) La technique du crochet (diff\u00e9rente du tricot) ouvre de nombreux horizons, en particulier math\u00e9matiques. Le crochet topologique d\u00e9signe l&rsquo;art de fabriquer des surfaces d&rsquo;un genre donn\u00e9, orientables ou non, avec du fil et un crochet. L&rsquo;experte mondiale est la math\u00e9maticienne am\u00e9ricaine Shiying Dong, aupr\u00e8s de qui j&rsquo;ai appris la technique [&hellip;]<\/p>\n","protected":false},"author":3,"featured_media":0,"parent":9,"menu_order":0,"comment_status":"closed","ping_status":"closed","template":"","meta":{"footnotes":""},"class_list":["post-723","page","type-page","status-publish","hentry"],"_links":{"self":[{"href":"https:\/\/math.univ-lyon1.fr\/perso\/wp-json\/wp\/v2\/pages\/723","targetHints":{"allow":["GET"]}}],"collection":[{"href":"https:\/\/math.univ-lyon1.fr\/perso\/wp-json\/wp\/v2\/pages"}],"about":[{"href":"https:\/\/math.univ-lyon1.fr\/perso\/wp-json\/wp\/v2\/types\/page"}],"author":[{"embeddable":true,"href":"https:\/\/math.univ-lyon1.fr\/perso\/wp-json\/wp\/v2\/users\/3"}],"replies":[{"embeddable":true,"href":"https:\/\/math.univ-lyon1.fr\/perso\/wp-json\/wp\/v2\/comments?post=723"}],"version-history":[{"count":49,"href":"https:\/\/math.univ-lyon1.fr\/perso\/wp-json\/wp\/v2\/pages\/723\/revisions"}],"predecessor-version":[{"id":786,"href":"https:\/\/math.univ-lyon1.fr\/perso\/wp-json\/wp\/v2\/pages\/723\/revisions\/786"}],"up":[{"embeddable":true,"href":"https:\/\/math.univ-lyon1.fr\/perso\/wp-json\/wp\/v2\/pages\/9"}],"wp:attachment":[{"href":"https:\/\/math.univ-lyon1.fr\/perso\/wp-json\/wp\/v2\/media?parent=723"}],"curies":[{"name":"wp","href":"https:\/\/api.w.org\/{rel}","templated":true}]}}