{"id":9,"date":"2024-04-26T19:12:12","date_gmt":"2024-04-26T17:12:12","guid":{"rendered":"https:\/\/math.univ-lyon1.fr\/perso\/?page_id=9"},"modified":"2026-03-14T16:30:18","modified_gmt":"2026-03-14T15:30:18","slug":"sylvie-benzoni-gavage","status":"publish","type":"page","link":"https:\/\/math.univ-lyon1.fr\/perso\/sylvie-benzoni-gavage\/","title":{"rendered":"Sylvie Benzoni-Gavage"},"content":{"rendered":"\n<h2 class=\"wp-block-heading has-text-align-left\">Sylvie Benzoni-Gavage<\/h2>\n\n\n\n<p><em>An English version of this homepage should be available \u00ab\u00a0soon\u00a0\u00bb. Otherwise, <a href=\"https:\/\/math.univ-lyon1.fr\/~benzoni\/en.html\">this one<\/a> still exists but is not maintained anymore.<\/em><\/p>\n\n\n\n<div class=\"wp-block-media-text is-stacked-on-mobile\" style=\"grid-template-columns:30% auto\"><figure class=\"wp-block-media-text__media\"><img loading=\"lazy\" decoding=\"async\" width=\"995\" height=\"1024\" src=\"https:\/\/math.univ-lyon1.fr\/perso\/wp-content\/uploads\/2024\/06\/SBG-parMarcoPerez-rond-r-995x1024.jpg\" alt=\"\" class=\"wp-image-117 size-full\" srcset=\"https:\/\/math.univ-lyon1.fr\/perso\/wp-content\/uploads\/2024\/06\/SBG-parMarcoPerez-rond-r-995x1024.jpg 995w, https:\/\/math.univ-lyon1.fr\/perso\/wp-content\/uploads\/2024\/06\/SBG-parMarcoPerez-rond-r-292x300.jpg 292w, https:\/\/math.univ-lyon1.fr\/perso\/wp-content\/uploads\/2024\/06\/SBG-parMarcoPerez-rond-r-768x790.jpg 768w, https:\/\/math.univ-lyon1.fr\/perso\/wp-content\/uploads\/2024\/06\/SBG-parMarcoPerez-rond-r-1493x1536.jpg 1493w, https:\/\/math.univ-lyon1.fr\/perso\/wp-content\/uploads\/2024\/06\/SBG-parMarcoPerez-rond-r-1990x2048.jpg 1990w\" sizes=\"auto, (max-width: 995px) 100vw, 995px\" \/><\/figure><div class=\"wp-block-media-text__content\">\n<p>Professoresse \u00e0 l&rsquo;<a href=\"http:\/\/www.univ-lyon1.fr\/\">Universit\u00e9 Claude Bernard Lyon 1<\/a>,<br>membre de l&rsquo;<a href=\"https:\/\/math.univ-lyon1.fr\" data-type=\"link\" data-id=\"https:\/\/math.univ-lyon1.fr\">Institut Camille Jordan<\/a>, \u00e9quipe <a href=\"https:\/\/math.univ-lyon1.fr\/icj\/modelisation-mathematique-calcul-scientifique\/\" data-type=\"link\" data-id=\"https:\/\/math.univ-lyon1.fr\/icj\/modelisation-mathematique-calcul-scientifique\/\">Mod\u00e9lisation math\u00e9matique, calcul scientifique<\/a>.<\/p>\n\n\n\n<p>Ex-directrice de l&rsquo;<a href=\"http:\/\/ihp.fr\">Institut Henri Poincar\u00e9<\/a> (2018-2024)<\/p>\n\n\n\n<div class=\"wp-block-columns is-layout-flex wp-container-core-columns-is-layout-28f84493 wp-block-columns-is-layout-flex\">\n<div class=\"wp-block-column is-layout-flow wp-block-column-is-layout-flow\" style=\"flex-basis:100%\">\n<div class=\"wp-block-buttons is-layout-flex wp-block-buttons-is-layout-flex\">\n<div class=\"wp-block-button\"><a class=\"wp-block-button__link wp-element-button\" href=\"https:\/\/math.univ-lyon1.fr\/perso\/sylvie-benzoni-gavage\/contact\/\">Contact<\/a><\/div>\n\n\n\n<div class=\"wp-block-button\"><a class=\"wp-block-button__link wp-element-button\" href=\"https:\/\/math.univ-lyon1.fr\/perso\/sylvie-benzoni-gavage\/publications\/\">Publications<\/a><\/div>\n\n\n\n<div class=\"wp-block-button\"><a class=\"wp-block-button__link wp-element-button\" href=\"https:\/\/math.univ-lyon1.fr\/perso\/sylvie-benzoni-gavage\/cv\/\">CV<\/a><\/div>\n<\/div>\n<\/div>\n<\/div>\n<\/div><\/div>\n\n\n\n<div class=\"wp-block-media-text has-media-on-the-right is-stacked-on-mobile\" style=\"grid-template-columns:auto 35%\"><div class=\"wp-block-media-text__content\">\n<h3 class=\"wp-block-heading\">Principaux th\u00e8mes de recherche<\/h3>\n\n\n\n<ul class=\"wp-block-list\">\n<li>\u00c9quations aux d\u00e9riv\u00e9es partielles hyperboliques\/dispersives\/hamiltonniennes.<\/li>\n\n\n\n<li>Probl\u00e8mes aux limites, probl\u00e8mes \u00e0 fronti\u00e8re libre.<\/li>\n\n\n\n<li>Ondes non-lin\u00e9aires (chocs, transitions de phase, solitons,&#8230;).<\/li>\n\n\n\n<li>\u00c9quations diff\u00e9rentielles avec retard et\/ou avance, syst\u00e8mes dynamiques sur r\u00e9seau.<\/li>\n\n\n\n<li>Dynamique des fluides compressibles, trafic routier, \u00e9coulements diphasiques avec tension superficielle\/capillarit\u00e9.<\/li>\n\n\n\n<li>Mod\u00e8les champ de phase.<\/li>\n<\/ul>\n<\/div><figure class=\"wp-block-media-text__media\"><img loading=\"lazy\" decoding=\"async\" width=\"724\" height=\"1024\" src=\"https:\/\/math.univ-lyon1.fr\/perso\/wp-content\/uploads\/2024\/06\/dessin-portrait-phase-multiple-complet--724x1024.jpg\" alt=\"\" class=\"wp-image-134 size-full\" srcset=\"https:\/\/math.univ-lyon1.fr\/perso\/wp-content\/uploads\/2024\/06\/dessin-portrait-phase-multiple-complet--724x1024.jpg 724w, https:\/\/math.univ-lyon1.fr\/perso\/wp-content\/uploads\/2024\/06\/dessin-portrait-phase-multiple-complet--212x300.jpg 212w, https:\/\/math.univ-lyon1.fr\/perso\/wp-content\/uploads\/2024\/06\/dessin-portrait-phase-multiple-complet--768x1086.jpg 768w, https:\/\/math.univ-lyon1.fr\/perso\/wp-content\/uploads\/2024\/06\/dessin-portrait-phase-multiple-complet--1087x1536.jpg 1087w, https:\/\/math.univ-lyon1.fr\/perso\/wp-content\/uploads\/2024\/06\/dessin-portrait-phase-multiple-complet--1449x2048.jpg 1449w, https:\/\/math.univ-lyon1.fr\/perso\/wp-content\/uploads\/2024\/06\/dessin-portrait-phase-multiple-complet--scaled.jpg 1811w\" sizes=\"auto, (max-width: 724px) 100vw, 724px\" \/><\/figure><\/div>\n\n\n\n<h3 class=\"wp-block-heading\">Autrice<\/h3>\n\n\n\n<div class=\"wp-block-media-text is-stacked-on-mobile\" style=\"grid-template-columns:15% auto\"><figure class=\"wp-block-media-text__media\"><a href=\"https:\/\/www.dunod.com\/sciences-techniques\/rulpidon-sous-toutes-ses-coutures-une-aventure-mathematique-et-artistique\"><img loading=\"lazy\" decoding=\"async\" width=\"331\" height=\"508\" src=\"https:\/\/math.univ-lyon1.fr\/perso\/wp-content\/uploads\/2024\/06\/LeRulpidon-couv-Dunod.jpeg\" alt=\"\" class=\"wp-image-148 size-full\" srcset=\"https:\/\/math.univ-lyon1.fr\/perso\/wp-content\/uploads\/2024\/06\/LeRulpidon-couv-Dunod.jpeg 331w, https:\/\/math.univ-lyon1.fr\/perso\/wp-content\/uploads\/2024\/06\/LeRulpidon-couv-Dunod-195x300.jpeg 195w\" sizes=\"auto, (max-width: 331px) 100vw, 331px\" \/><\/a><\/figure><div class=\"wp-block-media-text__content\">\n<ul class=\"wp-block-list\">\n<li>Livre grand public <em><a href=\"https:\/\/www.dunod.com\/sciences-techniques\/rulpidon-sous-toutes-ses-coutures-une-aventure-mathematique-et-artistique\">Le Rulpidon sous toutes ses coutures<\/a><\/em>, <a href=\"https:\/\/www.dunod.com\">Dunod<\/a> 2024. <a href=\"https:\/\/www.dunod.com\/sciences-techniques\/rulpidon-sous-toutes-ses-coutures-une-aventure-mathematique-et-artistique\"><\/a><br><\/li>\n\n\n\n<li><a href=\"https:\/\/math.univ-lyon1.fr\/perso\/sylvie-benzoni-gavage\/chroniques\/\" data-type=\"page\" data-id=\"138\"><strong>Chroniques Maths et&#8230;<\/strong><\/a>, versions \u00e9tendues de mes chroniques math\u00e9matiques dans <a href=\"https:\/\/www.larecherche.fr\/abonnement%20papier\/abonnement-dun-%C3%A0-sciences-et-avenir-la-recherche-version-papier\">Sciences et Avenir &#8211; La recherche<\/a>.<\/li>\n<\/ul>\n<\/div><\/div>\n\n\n\n<h3 class=\"wp-block-heading\">R\u00e9seaux<\/h3>\n\n\n\n<ul class=\"wp-block-social-links is-layout-flex wp-block-social-links-is-layout-flex\"><li class=\"wp-social-link wp-social-link-linkedin  wp-block-social-link\"><a href=\"https:\/\/fr.linkedin.com\/in\/sylvie-benzoni-gavage-3218b8181\" class=\"wp-block-social-link-anchor\"><svg width=\"24\" height=\"24\" viewBox=\"0 0 24 24\" version=\"1.1\" xmlns=\"http:\/\/www.w3.org\/2000\/svg\" aria-hidden=\"true\" focusable=\"false\"><path d=\"M19.7,3H4.3C3.582,3,3,3.582,3,4.3v15.4C3,20.418,3.582,21,4.3,21h15.4c0.718,0,1.3-0.582,1.3-1.3V4.3 C21,3.582,20.418,3,19.7,3z M8.339,18.338H5.667v-8.59h2.672V18.338z M7.004,8.574c-0.857,0-1.549-0.694-1.549-1.548 c0-0.855,0.691-1.548,1.549-1.548c0.854,0,1.547,0.694,1.547,1.548C8.551,7.881,7.858,8.574,7.004,8.574z M18.339,18.338h-2.669 v-4.177c0-0.996-0.017-2.278-1.387-2.278c-1.389,0-1.601,1.086-1.601,2.206v4.249h-2.667v-8.59h2.559v1.174h0.037 c0.356-0.675,1.227-1.387,2.526-1.387c2.703,0,3.203,1.779,3.203,4.092V18.338z\"><\/path><\/svg><span class=\"wp-block-social-link-label screen-reader-text\">LinkedIn<\/span><\/a><\/li>\n\n<li class=\"wp-social-link wp-social-link-bluesky  wp-block-social-link\"><a href=\"https:\/\/bsky.app\/profile\/gavagesylvie.bsky.social\" class=\"wp-block-social-link-anchor\"><svg width=\"24\" height=\"24\" viewBox=\"0 0 24 24\" version=\"1.1\" xmlns=\"http:\/\/www.w3.org\/2000\/svg\" aria-hidden=\"true\" focusable=\"false\"><path d=\"M6.3,4.2c2.3,1.7,4.8,5.3,5.7,7.2.9-1.9,3.4-5.4,5.7-7.2,1.7-1.3,4.3-2.2,4.3.9s-.4,5.2-.6,5.9c-.7,2.6-3.3,3.2-5.6,2.8,4,.7,5.1,3,2.9,5.3-5,5.2-6.7-2.8-6.7-2.8,0,0-1.7,8-6.7,2.8-2.2-2.3-1.2-4.6,2.9-5.3-2.3.4-4.9-.3-5.6-2.8-.2-.7-.6-5.3-.6-5.9,0-3.1,2.7-2.1,4.3-.9h0Z\"><\/path><\/svg><span class=\"wp-block-social-link-label screen-reader-text\">Bluesky<\/span><\/a><\/li>\n\n<li class=\"wp-social-link wp-social-link-x  wp-block-social-link\"><a href=\"https:\/\/twitter.com\/gavagesylvie\" class=\"wp-block-social-link-anchor\"><svg width=\"24\" height=\"24\" viewBox=\"0 0 24 24\" version=\"1.1\" xmlns=\"http:\/\/www.w3.org\/2000\/svg\" aria-hidden=\"true\" focusable=\"false\"><path d=\"M13.982 10.622 20.54 3h-1.554l-5.693 6.618L8.745 3H3.5l6.876 10.007L3.5 21h1.554l6.012-6.989L15.868 21h5.245l-7.131-10.378Zm-2.128 2.474-.697-.997-5.543-7.93H8l4.474 6.4.697.996 5.815 8.318h-2.387l-4.745-6.787Z\" \/><\/svg><span class=\"wp-block-social-link-label screen-reader-text\">X<\/span><\/a><\/li><\/ul>\n\n\n\n<figure class=\"wp-block-image size-full is-resized\"><img loading=\"lazy\" decoding=\"async\" width=\"800\" height=\"450\" src=\"https:\/\/math.univ-lyon1.fr\/perso\/wp-content\/uploads\/2024\/06\/expertes-france.png\" alt=\"\" class=\"wp-image-141\" style=\"width:118px;height:auto\" srcset=\"https:\/\/math.univ-lyon1.fr\/perso\/wp-content\/uploads\/2024\/06\/expertes-france.png 800w, https:\/\/math.univ-lyon1.fr\/perso\/wp-content\/uploads\/2024\/06\/expertes-france-300x169.png 300w, https:\/\/math.univ-lyon1.fr\/perso\/wp-content\/uploads\/2024\/06\/expertes-france-768x432.png 768w\" sizes=\"auto, (max-width: 800px) 100vw, 800px\" \/><\/figure>\n\n\n\n<h3 class=\"wp-block-heading\">Curiosit\u00e9s<\/h3>\n\n\n\n<div class=\"wp-block-group is-nowrap is-layout-flex wp-container-core-group-is-layout-6c531013 wp-block-group-is-layout-flex\"><\/div>\n\n\n\n<div class=\"wp-block-group is-nowrap is-layout-flex wp-container-core-group-is-layout-6c531013 wp-block-group-is-layout-flex\">\n<div class=\"wp-block-media-text is-stacked-on-mobile\" style=\"grid-template-columns:56% auto\"><figure class=\"wp-block-media-text__media\"><img loading=\"lazy\" decoding=\"async\" width=\"768\" height=\"1024\" src=\"https:\/\/math.univ-lyon1.fr\/perso\/wp-content\/uploads\/2024\/06\/pieces-Rulpidon-9couleurs-768x1024.jpg\" alt=\"\" class=\"wp-image-210 size-full\" srcset=\"https:\/\/math.univ-lyon1.fr\/perso\/wp-content\/uploads\/2024\/06\/pieces-Rulpidon-9couleurs-768x1024.jpg 768w, https:\/\/math.univ-lyon1.fr\/perso\/wp-content\/uploads\/2024\/06\/pieces-Rulpidon-9couleurs-225x300.jpg 225w, https:\/\/math.univ-lyon1.fr\/perso\/wp-content\/uploads\/2024\/06\/pieces-Rulpidon-9couleurs-1152x1536.jpg 1152w, https:\/\/math.univ-lyon1.fr\/perso\/wp-content\/uploads\/2024\/06\/pieces-Rulpidon-9couleurs.jpg 1200w\" sizes=\"auto, (max-width: 768px) 100vw, 768px\" \/><\/figure><div class=\"wp-block-media-text__content\">\n<p><a href=\"https:\/\/math.univ-lyon1.fr\/perso\/sylvie-benzoni-gavage\/rulpidon\/\" data-type=\"page\" data-id=\"249\">Rulpidon<\/a><\/p>\n<\/div><\/div>\n\n\n\n<div class=\"wp-block-media-text is-stacked-on-mobile\" style=\"grid-template-columns:41% auto\"><figure class=\"wp-block-media-text__media\"><img loading=\"lazy\" decoding=\"async\" width=\"1024\" height=\"768\" src=\"https:\/\/math.univ-lyon1.fr\/perso\/wp-content\/uploads\/2024\/06\/separation-droite-LR-1024x768.jpg\" alt=\"\" class=\"wp-image-216 size-full\" srcset=\"https:\/\/math.univ-lyon1.fr\/perso\/wp-content\/uploads\/2024\/06\/separation-droite-LR-1024x768.jpg 1024w, https:\/\/math.univ-lyon1.fr\/perso\/wp-content\/uploads\/2024\/06\/separation-droite-LR-300x225.jpg 300w, https:\/\/math.univ-lyon1.fr\/perso\/wp-content\/uploads\/2024\/06\/separation-droite-LR-768x576.jpg 768w, https:\/\/math.univ-lyon1.fr\/perso\/wp-content\/uploads\/2024\/06\/separation-droite-LR-1536x1152.jpg 1536w, https:\/\/math.univ-lyon1.fr\/perso\/wp-content\/uploads\/2024\/06\/separation-droite-LR-2048x1536.jpg 2048w\" sizes=\"auto, (max-width: 1024px) 100vw, 1024px\" \/><\/figure><div class=\"wp-block-media-text__content\">\n<p><a href=\"https:\/\/math.univ-lyon1.fr\/perso\/sylvie-benzoni-gavage\/perceptron\/\" data-type=\"page\" data-id=\"310\">Perceptron<\/a><\/p>\n<\/div><\/div>\n\n\n\n<div class=\"wp-block-media-text is-stacked-on-mobile\" style=\"grid-template-columns:38% auto\"><figure class=\"wp-block-media-text__media\"><img loading=\"lazy\" decoding=\"async\" width=\"593\" height=\"1024\" src=\"https:\/\/math.univ-lyon1.fr\/perso\/wp-content\/uploads\/2025\/04\/surface-Seifert-Conway-593x1024.jpg\" alt=\"\" class=\"wp-image-561 size-full\" srcset=\"https:\/\/math.univ-lyon1.fr\/perso\/wp-content\/uploads\/2025\/04\/surface-Seifert-Conway-593x1024.jpg 593w, https:\/\/math.univ-lyon1.fr\/perso\/wp-content\/uploads\/2025\/04\/surface-Seifert-Conway-174x300.jpg 174w, https:\/\/math.univ-lyon1.fr\/perso\/wp-content\/uploads\/2025\/04\/surface-Seifert-Conway-768x1326.jpg 768w, https:\/\/math.univ-lyon1.fr\/perso\/wp-content\/uploads\/2025\/04\/surface-Seifert-Conway-889x1536.jpg 889w, https:\/\/math.univ-lyon1.fr\/perso\/wp-content\/uploads\/2025\/04\/surface-Seifert-Conway-1186x2048.jpg 1186w, https:\/\/math.univ-lyon1.fr\/perso\/wp-content\/uploads\/2025\/04\/surface-Seifert-Conway-scaled.jpg 1482w\" sizes=\"auto, (max-width: 593px) 100vw, 593px\" \/><\/figure><div class=\"wp-block-media-text__content\">\n<p><a href=\"https:\/\/math.univ-lyon1.fr\/perso\/sylvie-benzoni-gavage\/crochet-topologique\/\" data-type=\"page\" data-id=\"723\">Crochet topologique<\/a><\/p>\n<\/div><\/div>\n<\/div>\n\n\n\n<p><\/p>\n\n\n\n<div class=\"wp-block-group is-nowrap is-layout-flex wp-container-core-group-is-layout-6c531013 wp-block-group-is-layout-flex\">\n<div class=\"wp-block-media-text is-stacked-on-mobile\" style=\"grid-template-columns:55% auto\"><figure class=\"wp-block-media-text__media\"><img loading=\"lazy\" decoding=\"async\" width=\"1024\" height=\"194\" src=\"https:\/\/math.univ-lyon1.fr\/perso\/wp-content\/uploads\/2024\/06\/AM-1024x194.jpg\" alt=\"\" class=\"wp-image-220 size-full\" srcset=\"https:\/\/math.univ-lyon1.fr\/perso\/wp-content\/uploads\/2024\/06\/AM-1024x194.jpg 1024w, https:\/\/math.univ-lyon1.fr\/perso\/wp-content\/uploads\/2024\/06\/AM-300x57.jpg 300w, https:\/\/math.univ-lyon1.fr\/perso\/wp-content\/uploads\/2024\/06\/AM-768x145.jpg 768w, https:\/\/math.univ-lyon1.fr\/perso\/wp-content\/uploads\/2024\/06\/AM.jpg 1316w\" sizes=\"auto, (max-width: 1024px) 100vw, 1024px\" \/><\/figure><div class=\"wp-block-media-text__content\">\n<p><a href=\"https:\/\/math.univ-lyon1.fr\/perso\/sylvie-benzoni-gavage\/modulations\/\" data-type=\"page\" data-id=\"321\">Modulations<\/a><\/p>\n<\/div><\/div>\n\n\n\n<div class=\"wp-block-media-text is-stacked-on-mobile\"><figure class=\"wp-block-media-text__media\"><img loading=\"lazy\" decoding=\"async\" width=\"1024\" height=\"620\" src=\"https:\/\/math.univ-lyon1.fr\/perso\/wp-content\/uploads\/2024\/06\/surface-degre-4-LR-1024x620.jpg\" alt=\"\" class=\"wp-image-222 size-full\" srcset=\"https:\/\/math.univ-lyon1.fr\/perso\/wp-content\/uploads\/2024\/06\/surface-degre-4-LR-1024x620.jpg 1024w, https:\/\/math.univ-lyon1.fr\/perso\/wp-content\/uploads\/2024\/06\/surface-degre-4-LR-300x182.jpg 300w, https:\/\/math.univ-lyon1.fr\/perso\/wp-content\/uploads\/2024\/06\/surface-degre-4-LR-768x465.jpg 768w, https:\/\/math.univ-lyon1.fr\/perso\/wp-content\/uploads\/2024\/06\/surface-degre-4-LR-1536x930.jpg 1536w, https:\/\/math.univ-lyon1.fr\/perso\/wp-content\/uploads\/2024\/06\/surface-degre-4-LR-2048x1240.jpg 2048w\" sizes=\"auto, (max-width: 1024px) 100vw, 1024px\" \/><\/figure><div class=\"wp-block-media-text__content\">\n<p><a href=\"https:\/\/math.univ-lyon1.fr\/perso\/sylvie-benzoni-gavage\/musique-des-surfaces\/\" data-type=\"page\" data-id=\"334\">Musique des surfaces<\/a><\/p>\n<\/div><\/div>\n\n\n\n<div class=\"wp-block-media-text is-stacked-on-mobile\"><figure class=\"wp-block-media-text__media\"><img loading=\"lazy\" decoding=\"async\" width=\"1024\" height=\"576\" src=\"https:\/\/math.univ-lyon1.fr\/perso\/wp-content\/uploads\/2024\/07\/chuchoteur-formules-LR-1024x576.jpg\" alt=\"\" class=\"wp-image-361 size-full\" srcset=\"https:\/\/math.univ-lyon1.fr\/perso\/wp-content\/uploads\/2024\/07\/chuchoteur-formules-LR-1024x576.jpg 1024w, https:\/\/math.univ-lyon1.fr\/perso\/wp-content\/uploads\/2024\/07\/chuchoteur-formules-LR-300x169.jpg 300w, https:\/\/math.univ-lyon1.fr\/perso\/wp-content\/uploads\/2024\/07\/chuchoteur-formules-LR-768x432.jpg 768w, https:\/\/math.univ-lyon1.fr\/perso\/wp-content\/uploads\/2024\/07\/chuchoteur-formules-LR-1536x864.jpg 1536w, https:\/\/math.univ-lyon1.fr\/perso\/wp-content\/uploads\/2024\/07\/chuchoteur-formules-LR-2048x1152.jpg 2048w\" sizes=\"auto, (max-width: 1024px) 100vw, 1024px\" \/><\/figure><div class=\"wp-block-media-text__content\">\n<p><a href=\"https:\/\/math.univ-lyon1.fr\/perso\/sylvie-benzoni-gavage\/formules\/\" data-type=\"page\" data-id=\"359\">Formules<\/a><\/p>\n<\/div><\/div>\n<\/div>\n\n\n\n<h3 class=\"wp-block-heading\">Interviews<\/h3>\n\n\n\n<div class=\"wp-block-group is-nowrap is-layout-flex wp-container-core-group-is-layout-6c531013 wp-block-group-is-layout-flex\">\n<p><a href=\"https:\/\/www.ihp.fr\/fr\/sylvie-benzoni\" data-type=\"link\" data-id=\"https:\/\/www.ihp.fr\/fr\/sylvie-benzoni\">Podcast <em>L\u2019oreille math\u00e9matique<\/em><\/a><\/p>\n\n\n\n<p><a href=\"https:\/\/podcasts.science-et-vie.com\/sous-la-blouse\/les-mathematiques-un-milieu-encore-peu-feminise\">Podcast <em>Sous la blouse<\/em><\/a><\/p>\n\n\n\n<p><a href=\"https:\/\/play.acast.com\/s\/trajectoires\/trajectoires-20\">Podcast <em>Trajectoires<\/em><\/a><\/p>\n<\/div>\n\n\n\n<div class=\"wp-block-group is-nowrap is-layout-flex wp-container-core-group-is-layout-6c531013 wp-block-group-is-layout-flex\">\n<p><a href=\"https:\/\/www.youtube.com\/watch?v=IyIn7rSrAu0\">Vid\u00e9o <em>Scienticfiz<\/em><\/a><\/p>\n\n\n\n<p><a href=\"https:\/\/www.europeanwomeninmaths.org\/sylvie-benzoni\/\">Article <em>European Women in Mathematics<\/em><\/a><\/p>\n\n\n\n<p>Podcast <em>Voies de femmes<\/em><\/p>\n<\/div>\n\n\n\n<div class=\"wp-block-group is-nowrap is-layout-flex wp-container-core-group-is-layout-6c531013 wp-block-group-is-layout-flex\">\n<p><a href=\"https:\/\/www.radiofrance.fr\/franceculture\/podcasts\/la-science-cqfd\/emmy-noether-la-plus-celebre-des-mathematiciennes-inconnues-2399643\">La Science, CQFD&nbsp;: Emmy Noether<\/a>, avec <a href=\"https:\/\/panati.univ-tln.fr\/\">Annalisa Panati<\/a> et <a href=\"https:\/\/www.rogermansuy.fr\/\">Roger Mansuy<\/a><\/p>\n<\/div>\n\n\n\n<h3 class=\"wp-block-heading\">Points de vue<\/h3>\n\n\n\n<div class=\"wp-block-group is-nowrap is-layout-flex wp-container-core-group-is-layout-6c531013 wp-block-group-is-layout-flex\">\n<p><a href=\"https:\/\/math.univ-lyon1.fr\/perso\/sylvie-benzoni-gavage\/opinions\/\" data-type=\"page\" data-id=\"239\">Opinions<\/a> (en anglais)<\/p>\n\n\n\n<p><a href=\"https:\/\/math.univ-lyon1.fr\/perso\/sylvie-benzoni-gavage\/reflexions\/\" data-type=\"page\" data-id=\"242\">R\u00e9flexions<\/a><\/p>\n<\/div>\n\n\n\n<p><\/p>\n","protected":false},"excerpt":{"rendered":"<p>Sylvie Benzoni-Gavage An English version of this homepage should be available \u00ab\u00a0soon\u00a0\u00bb. Otherwise, this one still exists but is not maintained anymore. Autrice R\u00e9seaux Curiosit\u00e9s Rulpidon Perceptron Crochet topologique Modulations Musique des surfaces Formules Interviews Podcast L\u2019oreille math\u00e9matique Podcast Sous la blouse Podcast Trajectoires Vid\u00e9o Scienticfiz Article European Women in Mathematics Podcast Voies de femmes [&hellip;]<\/p>\n","protected":false},"author":3,"featured_media":0,"parent":0,"menu_order":0,"comment_status":"closed","ping_status":"closed","template":"","meta":{"footnotes":""},"class_list":["post-9","page","type-page","status-publish","hentry"],"_links":{"self":[{"href":"https:\/\/math.univ-lyon1.fr\/perso\/wp-json\/wp\/v2\/pages\/9","targetHints":{"allow":["GET"]}}],"collection":[{"href":"https:\/\/math.univ-lyon1.fr\/perso\/wp-json\/wp\/v2\/pages"}],"about":[{"href":"https:\/\/math.univ-lyon1.fr\/perso\/wp-json\/wp\/v2\/types\/page"}],"author":[{"embeddable":true,"href":"https:\/\/math.univ-lyon1.fr\/perso\/wp-json\/wp\/v2\/users\/3"}],"replies":[{"embeddable":true,"href":"https:\/\/math.univ-lyon1.fr\/perso\/wp-json\/wp\/v2\/comments?post=9"}],"version-history":[{"count":78,"href":"https:\/\/math.univ-lyon1.fr\/perso\/wp-json\/wp\/v2\/pages\/9\/revisions"}],"predecessor-version":[{"id":936,"href":"https:\/\/math.univ-lyon1.fr\/perso\/wp-json\/wp\/v2\/pages\/9\/revisions\/936"}],"wp:attachment":[{"href":"https:\/\/math.univ-lyon1.fr\/perso\/wp-json\/wp\/v2\/media?parent=9"}],"curies":[{"name":"wp","href":"https:\/\/api.w.org\/{rel}","templated":true}]}}