{"id":918,"date":"2026-01-01T14:20:24","date_gmt":"2026-01-01T13:20:24","guid":{"rendered":"https:\/\/math.univ-lyon1.fr\/perso\/?page_id=918"},"modified":"2026-01-01T14:23:53","modified_gmt":"2026-01-01T13:23:53","slug":"tournage-de-rulpidon","status":"publish","type":"page","link":"https:\/\/math.univ-lyon1.fr\/perso\/sylvie-benzoni-gavage\/rulpidon\/tournage-de-rulpidon\/","title":{"rendered":"Tournage de Rulpidon"},"content":{"rendered":"\n<h2 class=\"wp-block-heading\">Tournage de Rulpidon<\/h2>\n\n\n\n<div class=\"wp-block-buttons is-layout-flex wp-block-buttons-is-layout-flex\">\n<div class=\"wp-block-button\"><a class=\"wp-block-button__link wp-element-button\" href=\"https:\/\/math.univ-lyon1.fr\/perso\/sylvie-benzoni-gavage\/\">Sylvie Benzoni-Gavage<\/a><\/div>\n<\/div>\n\n\n\n<p>Ci-apr\u00e8s en images. Planches r\u00e9alis\u00e9es lors de l&rsquo;atelier BD \u00e0 la conf\u00e9rence <a href=\"https:\/\/swissmaprs.ch\/events\/from-research-to-outreach\/\">From research to outreach<\/a> avec <a href=\"https:\/\/crojasmolina.com\/\">Constanza Rojas-Molina<\/a> et <a href=\"https:\/\/www.instagram.com\/morganeparisi\/\">Morgani Parisi<\/a>.<\/p>\n\n\n\n<div data-wp-interactive=\"core\/file\" class=\"wp-block-file\"><object data-wp-bind--hidden=\"!state.hasPdfPreview\" hidden class=\"wp-block-file__embed\" data=\"https:\/\/math.univ-lyon1.fr\/perso\/wp-content\/uploads\/2026\/01\/mise-en-page-sur2pages.pdf\" type=\"application\/pdf\" style=\"width:100%;height:600px\" aria-label=\"Contenu embarqu\u00e9 mise-en-page-sur2pages.\"><\/object><a id=\"wp-block-file--media-769eeb79-da01-43e9-929f-55ba7231b507\" href=\"https:\/\/math.univ-lyon1.fr\/perso\/wp-content\/uploads\/2026\/01\/mise-en-page-sur2pages.pdf\">mise-en-page-sur2pages<\/a><a href=\"https:\/\/math.univ-lyon1.fr\/perso\/wp-content\/uploads\/2026\/01\/mise-en-page-sur2pages.pdf\" class=\"wp-block-file__button wp-element-button\" download aria-describedby=\"wp-block-file--media-769eeb79-da01-43e9-929f-55ba7231b507\">T\u00e9l\u00e9charger<\/a><\/div>\n\n\n\n<p><\/p>\n","protected":false},"excerpt":{"rendered":"<p>Tournage de Rulpidon Ci-apr\u00e8s en images. Planches r\u00e9alis\u00e9es lors de l&rsquo;atelier BD \u00e0 la conf\u00e9rence From research to outreach avec Constanza Rojas-Molina et Morgani Parisi.<\/p>\n","protected":false},"author":3,"featured_media":0,"parent":249,"menu_order":0,"comment_status":"closed","ping_status":"closed","template":"","meta":{"footnotes":""},"class_list":["post-918","page","type-page","status-publish","hentry"],"_links":{"self":[{"href":"https:\/\/math.univ-lyon1.fr\/perso\/wp-json\/wp\/v2\/pages\/918","targetHints":{"allow":["GET"]}}],"collection":[{"href":"https:\/\/math.univ-lyon1.fr\/perso\/wp-json\/wp\/v2\/pages"}],"about":[{"href":"https:\/\/math.univ-lyon1.fr\/perso\/wp-json\/wp\/v2\/types\/page"}],"author":[{"embeddable":true,"href":"https:\/\/math.univ-lyon1.fr\/perso\/wp-json\/wp\/v2\/users\/3"}],"replies":[{"embeddable":true,"href":"https:\/\/math.univ-lyon1.fr\/perso\/wp-json\/wp\/v2\/comments?post=918"}],"version-history":[{"count":10,"href":"https:\/\/math.univ-lyon1.fr\/perso\/wp-json\/wp\/v2\/pages\/918\/revisions"}],"predecessor-version":[{"id":930,"href":"https:\/\/math.univ-lyon1.fr\/perso\/wp-json\/wp\/v2\/pages\/918\/revisions\/930"}],"up":[{"embeddable":true,"href":"https:\/\/math.univ-lyon1.fr\/perso\/wp-json\/wp\/v2\/pages\/249"}],"wp:attachment":[{"href":"https:\/\/math.univ-lyon1.fr\/perso\/wp-json\/wp\/v2\/media?parent=918"}],"curies":[{"name":"wp","href":"https:\/\/api.w.org\/{rel}","templated":true}]}}